{"id":137,"date":"2026-04-11T14:41:31","date_gmt":"2026-04-11T12:41:31","guid":{"rendered":"https:\/\/bcbud.no\/nmkegersund\/?post_type=product&#038;p=137"},"modified":"2026-04-11T14:41:31","modified_gmt":"2026-04-11T12:41:31","slug":"042-sigbjorn-ostbo-volkswagen-familievogn-ostbo-m-nmk-vikedal","status":"publish","type":"product","link":"https:\/\/bcbud.no\/nmkegersund\/produkt\/042-sigbjorn-ostbo-volkswagen-familievogn-ostbo-m-nmk-vikedal\/","title":{"rendered":"042 &#8211; Sigbj\u00f8rn \u00d8stb\u00f8 &#8211; Volkswagen Familievogn \u00d8stb\u00f8 M &#8211; NMK Vikedal"},"content":{"rendered":"","protected":false},"excerpt":{"rendered":"","protected":false},"featured_media":0,"template":"","meta":{"_acf_changed":false},"product_brand":[],"product_cat":[],"product_tag":[],"class_list":{"0":"post-137","1":"product","2":"type-product","3":"status-publish","6":"first","7":"instock","8":"shipping-taxable","9":"purchasable","10":"product-type-simple"},"acf":[],"_links":{"self":[{"href":"https:\/\/bcbud.no\/nmkegersund\/wp-json\/wp\/v2\/product\/137","targetHints":{"allow":["GET"]}}],"collection":[{"href":"https:\/\/bcbud.no\/nmkegersund\/wp-json\/wp\/v2\/product"}],"about":[{"href":"https:\/\/bcbud.no\/nmkegersund\/wp-json\/wp\/v2\/types\/product"}],"wp:attachment":[{"href":"https:\/\/bcbud.no\/nmkegersund\/wp-json\/wp\/v2\/media?parent=137"}],"wp:term":[{"taxonomy":"product_brand","embeddable":true,"href":"https:\/\/bcbud.no\/nmkegersund\/wp-json\/wp\/v2\/product_brand?post=137"},{"taxonomy":"product_cat","embeddable":true,"href":"https:\/\/bcbud.no\/nmkegersund\/wp-json\/wp\/v2\/product_cat?post=137"},{"taxonomy":"product_tag","embeddable":true,"href":"https:\/\/bcbud.no\/nmkegersund\/wp-json\/wp\/v2\/product_tag?post=137"}],"curies":[{"name":"wp","href":"https:\/\/api.w.org\/{rel}","templated":true}]}}